{"id":18683,"date":"2023-09-28T08:49:30","date_gmt":"2023-09-28T13:19:30","guid":{"rendered":"https:\/\/fcaunican.edu.py\/?page_id=18683"},"modified":"2025-11-14T12:08:06","modified_gmt":"2025-11-14T16:38:06","slug":"admision-a-la-carrera-de-ingenieria-agronomica","status":"publish","type":"page","link":"https:\/\/fcaunican.edu.py\/index.php\/admision-a-la-carrera-de-ingenieria-agronomica\/","title":{"rendered":"ADMISI\u00d3N A LA CARRERA DE INGENIER\u00cdA AGRON\u00d3MICA"},"content":{"rendered":"\t\t<div data-elementor-type=\"wp-page\" data-elementor-id=\"18683\" class=\"elementor elementor-18683\">\n\t\t\t\t\t\t<section class=\"elementor-section elementor-top-section elementor-element elementor-element-85b91f0 elementor-section-boxed elementor-section-height-default elementor-section-height-default\" data-id=\"85b91f0\" data-element_type=\"section\" data-e-type=\"section\">\n\t\t\t\t\t\t<div class=\"elementor-container elementor-column-gap-default\">\n\t\t\t\t\t<div class=\"elementor-column elementor-col-100 elementor-top-column elementor-element elementor-element-0fc8e4b\" data-id=\"0fc8e4b\" data-element_type=\"column\" data-e-type=\"column\">\n\t\t\t<div class=\"elementor-widget-wrap elementor-element-populated\">\n\t\t\t\t\t\t<div class=\"elementor-element elementor-element-ced2d0b elementor-tabs-view-horizontal elementor-widget elementor-widget-tabs\" data-id=\"ced2d0b\" data-element_type=\"widget\" data-e-type=\"widget\" data-widget_type=\"tabs.default\">\n\t\t\t\t<div class=\"elementor-widget-container\">\n\t\t\t\t\t\t\t<div class=\"elementor-tabs\">\n\t\t\t<div class=\"elementor-tabs-wrapper\" role=\"tablist\" >\n\t\t\t\t\t\t\t\t\t<div id=\"elementor-tab-title-2161\" class=\"elementor-tab-title elementor-tab-desktop-title\" aria-selected=\"true\" data-tab=\"1\" role=\"tab\" tabindex=\"0\" aria-controls=\"elementor-tab-content-2161\" aria-expanded=\"false\">Informaci\u00f3n<\/div>\n\t\t\t\t\t\t\t\t\t<div id=\"elementor-tab-title-2162\" class=\"elementor-tab-title elementor-tab-desktop-title\" aria-selected=\"false\" data-tab=\"2\" role=\"tab\" tabindex=\"-1\" aria-controls=\"elementor-tab-content-2162\" aria-expanded=\"false\">Reglamento<\/div>\n\t\t\t\t\t\t\t\t\t<div id=\"elementor-tab-title-2163\" class=\"elementor-tab-title elementor-tab-desktop-title\" aria-selected=\"false\" data-tab=\"3\" role=\"tab\" tabindex=\"-1\" aria-controls=\"elementor-tab-content-2163\" aria-expanded=\"false\">R\u00e9gimen de admisi\u00f3n<\/div>\n\t\t\t\t\t\t\t\t\t<div id=\"elementor-tab-title-2164\" class=\"elementor-tab-title elementor-tab-desktop-title\" aria-selected=\"false\" data-tab=\"4\" role=\"tab\" tabindex=\"-1\" aria-controls=\"elementor-tab-content-2164\" aria-expanded=\"false\">Documentos requeridos<\/div>\n\t\t\t\t\t\t\t\t\t<div id=\"elementor-tab-title-2165\" class=\"elementor-tab-title elementor-tab-desktop-title\" aria-selected=\"false\" data-tab=\"5\" role=\"tab\" tabindex=\"-1\" aria-controls=\"elementor-tab-content-2165\" aria-expanded=\"false\">Aranceles<\/div>\n\t\t\t\t\t\t\t\t\t<div id=\"elementor-tab-title-2166\" class=\"elementor-tab-title elementor-tab-desktop-title\" aria-selected=\"false\" data-tab=\"6\" role=\"tab\" tabindex=\"-1\" aria-controls=\"elementor-tab-content-2166\" aria-expanded=\"false\">Arancel 0<\/div>\n\t\t\t\t\t\t\t\t\t<div id=\"elementor-tab-title-2167\" class=\"elementor-tab-title elementor-tab-desktop-title\" aria-selected=\"false\" data-tab=\"7\" role=\"tab\" tabindex=\"-1\" aria-controls=\"elementor-tab-content-2167\" aria-expanded=\"false\">Contacto<\/div>\n\t\t\t\t\t\t\t<\/div>\n\t\t\t<div class=\"elementor-tabs-content-wrapper\" role=\"tablist\" aria-orientation=\"vertical\">\n\t\t\t\t\t\t\t\t\t<div class=\"elementor-tab-title elementor-tab-mobile-title\" aria-selected=\"true\" data-tab=\"1\" role=\"tab\" tabindex=\"0\" aria-controls=\"elementor-tab-content-2161\" aria-expanded=\"false\">Informaci\u00f3n<\/div>\n\t\t\t\t\t<div id=\"elementor-tab-content-2161\" class=\"elementor-tab-content elementor-clearfix\" data-tab=\"1\" role=\"tabpanel\" aria-labelledby=\"elementor-tab-title-2161\" tabindex=\"0\" hidden=\"false\"><div class=\"container\"><table class=\"table\"><thead><tr class=\"bg-light\"><th>MODALIDAD<\/th><th>R\u00c9GIMEN<\/th><th>DURACI\u00d3N<\/th><th>T\u00cdTULO QUE OTORGAR\u00c1<\/th><th>PLAZAS DISPONIBLES<\/th><th>D\u00cdAS Y HORARIO DE CLASES DEL CPI<\/th><th>ASIGNATURAS DEL CPI<\/th><\/tr><\/thead><tbody><tr><td>Presencial<\/td><td>Semestral<\/td><td>10 semestres<\/td><td>Ingeniero\/a Agr\u00f3nomo\/a<\/td><td>50 plazas<\/td><td>De lunes a viernes<br \/>De 08:00 a 11:30 hs.<\/td><td><ul><li><a href=\"https:\/\/fcaunican.edu.py\/wp-content\/uploads\/2023\/09\/Fisica-general.pdf\">F\u00edsica general<\/a><\/li><li><a href=\"https:\/\/fcaunican.edu.py\/wp-content\/uploads\/2023\/09\/Quimica-general.pdf\">Qu\u00edmica general<\/a><\/li><li><a href=\"https:\/\/fcaunican.edu.py\/wp-content\/uploads\/2023\/09\/Biologia-General.pdf\">Biolog\u00eda general<\/a><\/li><li><a href=\"https:\/\/fcaunican.edu.py\/wp-content\/uploads\/2023\/09\/Castellano-1.pdf\">Castellano<\/a><\/li><li><a href=\"https:\/\/fcaunican.edu.py\/wp-content\/uploads\/2023\/09\/Matematica-1.pdf\">Matem\u00e1tica<\/a><\/li><\/ul><\/td><\/tr><\/tbody><\/table><\/div><p><!-- Agrega los scripts de Bootstrap al final del cuerpo del documento --><br \/><script src=\"https:\/\/ajax.googleapis.com\/ajax\/libs\/jquery\/3.5.1\/jquery.min.js\"><\/script><br \/><script src=\"https:\/\/cdnjs.cloudflare.com\/ajax\/libs\/popper.js\/1.16.0\/umd\/popper.min.js\"><\/script><br \/><script src=\"https:\/\/maxcdn.bootstrapcdn.com\/bootstrap\/4.5.2\/js\/bootstrap.min.js\"><\/script><\/p><\/div>\n\t\t\t\t\t\t\t\t\t<div class=\"elementor-tab-title elementor-tab-mobile-title\" aria-selected=\"false\" data-tab=\"2\" role=\"tab\" tabindex=\"-1\" aria-controls=\"elementor-tab-content-2162\" aria-expanded=\"false\">Reglamento<\/div>\n\t\t\t\t\t<div id=\"elementor-tab-content-2162\" class=\"elementor-tab-content elementor-clearfix\" data-tab=\"2\" role=\"tabpanel\" aria-labelledby=\"elementor-tab-title-2162\" tabindex=\"0\" hidden=\"hidden\"><h3><a href=\"https:\/\/fcaunican.edu.py\/wp-content\/uploads\/2023\/09\/4-Reglamento-de-admision.pdf\">Ver Reglamento de admisi\u00f3n<\/a><\/h3><\/div>\n\t\t\t\t\t\t\t\t\t<div class=\"elementor-tab-title elementor-tab-mobile-title\" aria-selected=\"false\" data-tab=\"3\" role=\"tab\" tabindex=\"-1\" aria-controls=\"elementor-tab-content-2163\" aria-expanded=\"false\">R\u00e9gimen de admisi\u00f3n<\/div>\n\t\t\t\t\t<div id=\"elementor-tab-content-2163\" class=\"elementor-tab-content elementor-clearfix\" data-tab=\"3\" role=\"tabpanel\" aria-labelledby=\"elementor-tab-title-2163\" tabindex=\"0\" hidden=\"hidden\"><ul><li>Para acceder a una plaza de la carrera de Ingenier\u00eda Agron\u00f3mica los postulantes deber\u00e1n inscribirse al Curso Probatorio de Ingreso (CPI), mediante el completado de una solicitud de inscripci\u00f3n, pero podr\u00e1 realizar la pre inscripci\u00f3n completando un cuestionario disponible en: <a href=\"https:\/\/forms.gle\/SqSjSUiLPJPs9WkH6\">https:\/\/forms.gle\/SqSjSUiLPJPs9WkH6<\/a><\/li><li>Las clases del CPI iniciar\u00e1n en la primera semana de diciembre y se extender\u00e1n hasta el final del mes de enero.<\/li><li>La asistencia al CPI no es obligatoria.<\/li><li>Las pruebas finales para el ingreso a la carrera se desarrollar\u00e1n durante la primera quincena de febrero.<\/li><li>Para tener derecho a las pruebas finales, los postulantes deber\u00e1n presentar la solicitud de inscripci\u00f3n acompa\u00f1ado de todas las documentaciones, dentro del plazo dispuesto para tal efecto.<\/li><\/ul><\/div>\n\t\t\t\t\t\t\t\t\t<div class=\"elementor-tab-title elementor-tab-mobile-title\" aria-selected=\"false\" data-tab=\"4\" role=\"tab\" tabindex=\"-1\" aria-controls=\"elementor-tab-content-2164\" aria-expanded=\"false\">Documentos requeridos<\/div>\n\t\t\t\t\t<div id=\"elementor-tab-content-2164\" class=\"elementor-tab-content elementor-clearfix\" data-tab=\"4\" role=\"tabpanel\" aria-labelledby=\"elementor-tab-title-2164\" tabindex=\"0\" hidden=\"hidden\"><ul><li>Fotocopia autenticada por escriban\u00eda del t\u00edtulo del nivel medio y legalizado por el Rectorado de la UNICAN.<\/li><li>Fotocopia autenticada de c\u00e9dula de identidad o pasaporte vigente.<\/li><li>Certificado de estudios del nivel medio original.<\/li><li>Certificado de nacimiento original o fotocopia autenticada por escriban\u00eda p\u00fablica.<\/li><li>Dos fotos tipo carnet, actualizadas.<\/li><li>Completar el formulario de inscripci\u00f3n al curso probatorio de ingreso<\/li><\/ul><\/div>\n\t\t\t\t\t\t\t\t\t<div class=\"elementor-tab-title elementor-tab-mobile-title\" aria-selected=\"false\" data-tab=\"5\" role=\"tab\" tabindex=\"-1\" aria-controls=\"elementor-tab-content-2165\" aria-expanded=\"false\">Aranceles<\/div>\n\t\t\t\t\t<div id=\"elementor-tab-content-2165\" class=\"elementor-tab-content elementor-clearfix\" data-tab=\"5\" role=\"tabpanel\" aria-labelledby=\"elementor-tab-title-2165\" tabindex=\"0\" hidden=\"hidden\"><div class=\"container\"><table class=\"table\"><thead><tr class=\"bg-light\"><th>Concepto<\/th><th>Tarifa<\/th><\/tr><\/thead><tbody><tr><td>INSCRIPCI\u00d3N ORDINARIA<\/td><td>660.000 Gs.<\/td><\/tr><tr><td>INSCRIPCI\u00d3N EXTRAORDINARIA<\/td><td>760.000 Gs.<\/td><\/tr><tr><td>LEGALIZACI\u00d3N DEL T\u00cdTULO DE BACHILLER<\/td><td>55.000 Gs.<\/td><\/tr><\/tbody><\/table><\/div><p><!-- Agrega los scripts de Bootstrap al final del cuerpo del documento --><br \/><script src=\"https:\/\/ajax.googleapis.com\/ajax\/libs\/jquery\/3.5.1\/jquery.min.js\"><\/script><br \/><script src=\"https:\/\/cdnjs.cloudflare.com\/ajax\/libs\/popper.js\/1.16.0\/umd\/popper.min.js\"><\/script><br \/><script src=\"https:\/\/maxcdn.bootstrapcdn.com\/bootstrap\/4.5.2\/js\/bootstrap.min.js\"><\/script><\/p><\/div>\n\t\t\t\t\t\t\t\t\t<div class=\"elementor-tab-title elementor-tab-mobile-title\" aria-selected=\"false\" data-tab=\"6\" role=\"tab\" tabindex=\"-1\" aria-controls=\"elementor-tab-content-2166\" aria-expanded=\"false\">Arancel 0<\/div>\n\t\t\t\t\t<div id=\"elementor-tab-content-2166\" class=\"elementor-tab-content elementor-clearfix\" data-tab=\"6\" role=\"tabpanel\" aria-labelledby=\"elementor-tab-title-2166\" tabindex=\"0\" hidden=\"hidden\"><ul><li>Sujeta a reglamentaci\u00f3n de la Ley N\u00b0 6628 de Arancel Cero.<\/li><\/ul><p><strong>BENEFICIARIOS<\/strong><\/p><ul><li>Egresados de hasta 5 a\u00f1os de colegios p\u00fablicos o subvencionados podr\u00e1n acogerse a los beneficios de exoneraci\u00f3n de aranceles.<\/li><li>Estudiantes egresado de la educaci\u00f3n media que sean provenientes del sector privado que acrediten su situaci\u00f3n de vulnerabilidad con la constancia emitida por el Ministerio de Desarrollo Social.<\/li><li>En el momento de inscripci\u00f3n el postulante deber\u00e1 presentar la solicitud correspondiente. <a href=\"https:\/\/fcaunican.edu.py\/wp-content\/uploads\/2025\/11\/5-Form.-Solicitud-de-gratuidad-de-curso-de-admision-y-de-grado.docx\">clic\u00a0aqu\u00ed\u00a0<\/a>para acceder al formulario.<\/li><\/ul><\/div>\n\t\t\t\t\t\t\t\t\t<div class=\"elementor-tab-title elementor-tab-mobile-title\" aria-selected=\"false\" data-tab=\"7\" role=\"tab\" tabindex=\"-1\" aria-controls=\"elementor-tab-content-2167\" aria-expanded=\"false\">Contacto<\/div>\n\t\t\t\t\t<div id=\"elementor-tab-content-2167\" class=\"elementor-tab-content elementor-clearfix\" data-tab=\"7\" role=\"tabpanel\" aria-labelledby=\"elementor-tab-title-2167\" tabindex=\"0\" hidden=\"hidden\"><p>Secretar\u00eda acad\u00e9mica: (0982) 788883<\/p><p>Correo electr\u00f3nico:\u00a0secretaria.academica@fcaunican.edu.py<\/p><p><strong>\u00a0<\/strong><\/p><p><strong>HORARIO DE ATENCI\u00d3N<\/strong><\/p><p>Lunes a viernes de 07:00 a 22:00 hs.<\/p><p>Tr\u00edptico: <a href=\"https:\/\/fcaunican.edu.py\/wp-content\/uploads\/2023\/09\/6-Triptico-Ingenieria-Agronomica.pdf\">clic aqu\u00ed<\/a>.<\/p><\/div>\n\t\t\t\t\t\t\t<\/div>\n\t\t<\/div>\n\t\t\t\t\t\t<\/div>\n\t\t\t\t<\/div>\n\t\t\t\t\t<\/div>\n\t\t<\/div>\n\t\t\t\t\t<\/div>\n\t\t<\/section>\n\t\t\t\t<\/div>\n\t\t","protected":false},"excerpt":{"rendered":"<p>Informaci\u00f3n Reglamento R\u00e9gimen de admisi\u00f3n Documentos requeridos Aranceles Arancel 0 Contacto Informaci\u00f3n MODALIDAD R\u00c9GIMEN DURACI\u00d3N T\u00cdTULO QUE OTORGAR\u00c1 PLAZAS DISPONIBLES D\u00cdAS Y HORARIO DE CLASES DEL CPI ASIGNATURAS DEL CPI Presencial Semestral 10 semestres Ingeniero\/a Agr\u00f3nomo\/a 50 plazas De lunes a viernesDe 08:00 a 11:30 hs. F\u00edsica general Qu\u00edmica general Biolog\u00eda general Castellano Matem\u00e1tica Reglamento [&hellip;]<\/p>\n","protected":false},"author":1,"featured_media":0,"parent":0,"menu_order":0,"comment_status":"closed","ping_status":"closed","template":"","meta":{"advanced_seo_description":"","jetpack_seo_html_title":"","jetpack_seo_noindex":false,"footnotes":""},"class_list":["post-18683","page","type-page","status-publish","hentry"],"jetpack_sharing_enabled":true,"jetpack-related-posts":[],"jetpack_likes_enabled":true,"_links":{"self":[{"href":"https:\/\/fcaunican.edu.py\/index.php\/wp-json\/wp\/v2\/pages\/18683","targetHints":{"allow":["GET"]}}],"collection":[{"href":"https:\/\/fcaunican.edu.py\/index.php\/wp-json\/wp\/v2\/pages"}],"about":[{"href":"https:\/\/fcaunican.edu.py\/index.php\/wp-json\/wp\/v2\/types\/page"}],"author":[{"embeddable":true,"href":"https:\/\/fcaunican.edu.py\/index.php\/wp-json\/wp\/v2\/users\/1"}],"replies":[{"embeddable":true,"href":"https:\/\/fcaunican.edu.py\/index.php\/wp-json\/wp\/v2\/comments?post=18683"}],"version-history":[{"count":52,"href":"https:\/\/fcaunican.edu.py\/index.php\/wp-json\/wp\/v2\/pages\/18683\/revisions"}],"predecessor-version":[{"id":21094,"href":"https:\/\/fcaunican.edu.py\/index.php\/wp-json\/wp\/v2\/pages\/18683\/revisions\/21094"}],"wp:attachment":[{"href":"https:\/\/fcaunican.edu.py\/index.php\/wp-json\/wp\/v2\/media?parent=18683"}],"curies":[{"name":"wp","href":"https:\/\/api.w.org\/{rel}","templated":true}]}}