{"id":19044,"date":"2024-03-08T07:57:39","date_gmt":"2024-03-08T12:27:39","guid":{"rendered":"https:\/\/fcaunican.edu.py\/?page_id=19044"},"modified":"2025-06-30T09:09:29","modified_gmt":"2025-06-30T13:39:29","slug":"horario-de-clases","status":"publish","type":"page","link":"https:\/\/fcaunican.edu.py\/index.php\/horario-de-clases\/","title":{"rendered":"Horario de clases"},"content":{"rendered":"\t\t<div data-elementor-type=\"wp-page\" data-elementor-id=\"19044\" class=\"elementor elementor-19044\">\n\t\t\t\t\t\t<section class=\"elementor-section elementor-top-section elementor-element elementor-element-65fcea9 elementor-section-boxed elementor-section-height-default elementor-section-height-default\" data-id=\"65fcea9\" data-element_type=\"section\" data-e-type=\"section\">\n\t\t\t\t\t\t<div class=\"elementor-container elementor-column-gap-default\">\n\t\t\t\t\t<div class=\"elementor-column elementor-col-100 elementor-top-column elementor-element elementor-element-e10e7b7\" data-id=\"e10e7b7\" data-element_type=\"column\" data-e-type=\"column\">\n\t\t\t<div class=\"elementor-widget-wrap elementor-element-populated\">\n\t\t\t\t\t\t<section class=\"elementor-section elementor-inner-section elementor-element elementor-element-0faee82 elementor-section-boxed elementor-section-height-default elementor-section-height-default\" data-id=\"0faee82\" data-element_type=\"section\" data-e-type=\"section\">\n\t\t\t\t\t\t<div class=\"elementor-container elementor-column-gap-default\">\n\t\t\t\t\t<div class=\"elementor-column elementor-col-50 elementor-inner-column elementor-element elementor-element-77d8ff0\" data-id=\"77d8ff0\" data-element_type=\"column\" data-e-type=\"column\">\n\t\t\t<div class=\"elementor-widget-wrap elementor-element-populated\">\n\t\t\t\t\t\t<div class=\"elementor-element elementor-element-650e35c elementor-widget elementor-widget-heading\" data-id=\"650e35c\" data-element_type=\"widget\" data-e-type=\"widget\" data-widget_type=\"heading.default\">\n\t\t\t\t<div class=\"elementor-widget-container\">\n\t\t\t\t\t<h2 class=\"elementor-heading-title elementor-size-default\">Ingenier\u00eda agron\u00f3mica<\/h2>\t\t\t\t<\/div>\n\t\t\t\t<\/div>\n\t\t\t\t<div class=\"elementor-element elementor-element-bbf14e8 elementor-widget elementor-widget-html\" data-id=\"bbf14e8\" data-element_type=\"widget\" data-e-type=\"widget\" data-widget_type=\"html.default\">\n\t\t\t\t<div class=\"elementor-widget-container\">\n\t\t\t\t\t<iframe src=\"https:\/\/drive.google.com\/file\/d\/1XXuUcJTuWzwCmS9kXemcTh3u1EvD3Xzn\/preview\" width=\"640\" height=\"480\" allow=\"autoplay\"><\/iframe>\t\t\t\t<\/div>\n\t\t\t\t<\/div>\n\t\t\t\t\t<\/div>\n\t\t<\/div>\n\t\t\t\t<div class=\"elementor-column elementor-col-50 elementor-inner-column elementor-element elementor-element-803f283\" data-id=\"803f283\" data-element_type=\"column\" data-e-type=\"column\">\n\t\t\t<div class=\"elementor-widget-wrap elementor-element-populated\">\n\t\t\t\t\t\t<div class=\"elementor-element elementor-element-e029850 elementor-widget elementor-widget-heading\" data-id=\"e029850\" data-element_type=\"widget\" data-e-type=\"widget\" data-widget_type=\"heading.default\">\n\t\t\t\t<div class=\"elementor-widget-container\">\n\t\t\t\t\t<h2 class=\"elementor-heading-title elementor-size-default\">Licenciatura en administraci\u00f3n agropecuaria<\/h2>\t\t\t\t<\/div>\n\t\t\t\t<\/div>\n\t\t\t\t<div class=\"elementor-element elementor-element-fcd4e04 elementor-widget elementor-widget-html\" data-id=\"fcd4e04\" data-element_type=\"widget\" data-e-type=\"widget\" data-widget_type=\"html.default\">\n\t\t\t\t<div class=\"elementor-widget-container\">\n\t\t\t\t\t<iframe src=\"https:\/\/drive.google.com\/file\/d\/1liaHBgOiM9PDrg31hZE0WQ52ue3OOcf9\/preview\" width=\"640\" height=\"480\" allow=\"autoplay\"><\/iframe>\t\t\t\t<\/div>\n\t\t\t\t<\/div>\n\t\t\t\t\t<\/div>\n\t\t<\/div>\n\t\t\t\t\t<\/div>\n\t\t<\/section>\n\t\t\t\t\t<\/div>\n\t\t<\/div>\n\t\t\t\t\t<\/div>\n\t\t<\/section>\n\t\t\t\t<\/div>\n\t\t","protected":false},"excerpt":{"rendered":"<p>Ingenier\u00eda agron\u00f3mica Licenciatura en administraci\u00f3n agropecuaria<\/p>\n","protected":false},"author":1,"featured_media":0,"parent":0,"menu_order":0,"comment_status":"closed","ping_status":"closed","template":"","meta":{"advanced_seo_description":"","jetpack_seo_html_title":"","jetpack_seo_noindex":false,"footnotes":""},"class_list":["post-19044","page","type-page","status-publish","hentry"],"jetpack_sharing_enabled":true,"jetpack-related-posts":[],"jetpack_likes_enabled":true,"_links":{"self":[{"href":"https:\/\/fcaunican.edu.py\/index.php\/wp-json\/wp\/v2\/pages\/19044","targetHints":{"allow":["GET"]}}],"collection":[{"href":"https:\/\/fcaunican.edu.py\/index.php\/wp-json\/wp\/v2\/pages"}],"about":[{"href":"https:\/\/fcaunican.edu.py\/index.php\/wp-json\/wp\/v2\/types\/page"}],"author":[{"embeddable":true,"href":"https:\/\/fcaunican.edu.py\/index.php\/wp-json\/wp\/v2\/users\/1"}],"replies":[{"embeddable":true,"href":"https:\/\/fcaunican.edu.py\/index.php\/wp-json\/wp\/v2\/comments?post=19044"}],"version-history":[{"count":16,"href":"https:\/\/fcaunican.edu.py\/index.php\/wp-json\/wp\/v2\/pages\/19044\/revisions"}],"predecessor-version":[{"id":20320,"href":"https:\/\/fcaunican.edu.py\/index.php\/wp-json\/wp\/v2\/pages\/19044\/revisions\/20320"}],"wp:attachment":[{"href":"https:\/\/fcaunican.edu.py\/index.php\/wp-json\/wp\/v2\/media?parent=19044"}],"curies":[{"name":"wp","href":"https:\/\/api.w.org\/{rel}","templated":true}]}}