{"id":254,"date":"2022-08-17T21:02:57","date_gmt":"2022-08-18T01:32:57","guid":{"rendered":"https:\/\/fcaunican.edu.py\/?page_id=254"},"modified":"2026-02-13T12:33:57","modified_gmt":"2026-02-13T17:03:57","slug":"ingenieriaagronomica","status":"publish","type":"page","link":"https:\/\/fcaunican.edu.py\/index.php\/ingenieriaagronomica\/","title":{"rendered":"Ingenier\u00eda agron\u00f3mica"},"content":{"rendered":"\t\t<div data-elementor-type=\"wp-page\" data-elementor-id=\"254\" class=\"elementor elementor-254\">\n\t\t\t\t\t\t<section class=\"elementor-section elementor-top-section elementor-element elementor-element-cff3362 elementor-section-boxed elementor-section-height-default elementor-section-height-default\" data-id=\"cff3362\" data-element_type=\"section\" data-e-type=\"section\">\n\t\t\t\t\t\t<div class=\"elementor-container elementor-column-gap-default\">\n\t\t\t\t\t<div class=\"elementor-column elementor-col-100 elementor-top-column elementor-element elementor-element-11487d8\" data-id=\"11487d8\" data-element_type=\"column\" data-e-type=\"column\">\n\t\t\t<div class=\"elementor-widget-wrap elementor-element-populated\">\n\t\t\t\t\t\t<div class=\"elementor-element elementor-element-0c49afd elementor-widget elementor-widget-image\" data-id=\"0c49afd\" data-element_type=\"widget\" data-e-type=\"widget\" data-widget_type=\"image.default\">\n\t\t\t\t<div class=\"elementor-widget-container\">\n\t\t\t\t\t\t\t\t\t\t\t\t\t\t\t<img fetchpriority=\"high\" decoding=\"async\" width=\"500\" height=\"250\" src=\"https:\/\/i0.wp.com\/fcaunican.edu.py\/wp-content\/uploads\/2025\/07\/ACREDITADA.png?fit=500%2C250&amp;ssl=1\" class=\"attachment-large size-large wp-image-20322\" alt=\"\" srcset=\"https:\/\/i0.wp.com\/fcaunican.edu.py\/wp-content\/uploads\/2025\/07\/ACREDITADA.png?w=500&amp;ssl=1 500w, https:\/\/i0.wp.com\/fcaunican.edu.py\/wp-content\/uploads\/2025\/07\/ACREDITADA.png?resize=300%2C150&amp;ssl=1 300w\" sizes=\"(max-width: 500px) 100vw, 500px\" \/>\t\t\t\t\t\t\t\t\t\t\t\t\t\t\t<\/div>\n\t\t\t\t<\/div>\n\t\t\t\t\t<\/div>\n\t\t<\/div>\n\t\t\t\t\t<\/div>\n\t\t<\/section>\n\t\t\t\t<section class=\"elementor-section elementor-top-section elementor-element elementor-element-3e3be77 elementor-section-boxed elementor-section-height-default elementor-section-height-default\" data-id=\"3e3be77\" data-element_type=\"section\" data-e-type=\"section\">\n\t\t\t\t\t\t<div class=\"elementor-container elementor-column-gap-default\">\n\t\t\t\t\t<div class=\"elementor-column elementor-col-100 elementor-top-column elementor-element elementor-element-95e2dbe\" data-id=\"95e2dbe\" data-element_type=\"column\" data-e-type=\"column\">\n\t\t\t<div class=\"elementor-widget-wrap elementor-element-populated\">\n\t\t\t\t\t\t<div class=\"elementor-element elementor-element-03c81ed elementor-widget elementor-widget-heading\" data-id=\"03c81ed\" data-element_type=\"widget\" data-e-type=\"widget\" data-widget_type=\"heading.default\">\n\t\t\t\t<div class=\"elementor-widget-container\">\n\t\t\t\t\t<h2 class=\"elementor-heading-title elementor-size-default\">Informaciones de la carrera<\/h2>\t\t\t\t<\/div>\n\t\t\t\t<\/div>\n\t\t\t\t<div class=\"elementor-element elementor-element-92b30a0 elementor-tabs-view-horizontal elementor-widget elementor-widget-tabs\" data-id=\"92b30a0\" data-element_type=\"widget\" data-e-type=\"widget\" data-widget_type=\"tabs.default\">\n\t\t\t\t<div class=\"elementor-widget-container\">\n\t\t\t\t\t\t\t<div class=\"elementor-tabs\">\n\t\t\t<div class=\"elementor-tabs-wrapper\" role=\"tablist\" >\n\t\t\t\t\t\t\t\t\t<div id=\"elementor-tab-title-1531\" class=\"elementor-tab-title elementor-tab-desktop-title\" aria-selected=\"true\" data-tab=\"1\" role=\"tab\" tabindex=\"0\" aria-controls=\"elementor-tab-content-1531\" aria-expanded=\"false\">Plan curricular<\/div>\n\t\t\t\t\t\t\t\t\t<div id=\"elementor-tab-title-1532\" class=\"elementor-tab-title elementor-tab-desktop-title\" aria-selected=\"false\" data-tab=\"2\" role=\"tab\" tabindex=\"-1\" aria-controls=\"elementor-tab-content-1532\" aria-expanded=\"false\">Misi\u00f3n y Visi\u00f3n<\/div>\n\t\t\t\t\t\t\t\t\t<div id=\"elementor-tab-title-1533\" class=\"elementor-tab-title elementor-tab-desktop-title\" aria-selected=\"false\" data-tab=\"3\" role=\"tab\" tabindex=\"-1\" aria-controls=\"elementor-tab-content-1533\" aria-expanded=\"false\">Objetivos<\/div>\n\t\t\t\t\t\t\t\t\t<div id=\"elementor-tab-title-1534\" class=\"elementor-tab-title elementor-tab-desktop-title\" aria-selected=\"false\" data-tab=\"4\" role=\"tab\" tabindex=\"-1\" aria-controls=\"elementor-tab-content-1534\" aria-expanded=\"false\">Plan de estudios<\/div>\n\t\t\t\t\t\t\t\t\t<div id=\"elementor-tab-title-1535\" class=\"elementor-tab-title elementor-tab-desktop-title\" aria-selected=\"false\" data-tab=\"5\" role=\"tab\" tabindex=\"-1\" aria-controls=\"elementor-tab-content-1535\" aria-expanded=\"false\">Campo laboral<\/div>\n\t\t\t\t\t\t\t\t\t<div id=\"elementor-tab-title-1536\" class=\"elementor-tab-title elementor-tab-desktop-title\" aria-selected=\"false\" data-tab=\"6\" role=\"tab\" tabindex=\"-1\" aria-controls=\"elementor-tab-content-1536\" aria-expanded=\"false\">Perfil del egresado<\/div>\n\t\t\t\t\t\t\t\t\t<div id=\"elementor-tab-title-1537\" class=\"elementor-tab-title elementor-tab-desktop-title\" aria-selected=\"false\" data-tab=\"7\" role=\"tab\" tabindex=\"-1\" aria-controls=\"elementor-tab-content-1537\" aria-expanded=\"false\">Competencias<\/div>\n\t\t\t\t\t\t\t\t\t<div id=\"elementor-tab-title-1538\" class=\"elementor-tab-title elementor-tab-desktop-title\" aria-selected=\"false\" data-tab=\"8\" role=\"tab\" tabindex=\"-1\" aria-controls=\"elementor-tab-content-1538\" aria-expanded=\"false\">Requisitos de admisi\u00f3n<\/div>\n\t\t\t\t\t\t\t\t\t<div id=\"elementor-tab-title-1539\" class=\"elementor-tab-title elementor-tab-desktop-title\" aria-selected=\"false\" data-tab=\"9\" role=\"tab\" tabindex=\"-1\" aria-controls=\"elementor-tab-content-1539\" aria-expanded=\"false\">Requisitos de salida<\/div>\n\t\t\t\t\t\t\t<\/div>\n\t\t\t<div class=\"elementor-tabs-content-wrapper\" role=\"tablist\" aria-orientation=\"vertical\">\n\t\t\t\t\t\t\t\t\t<div class=\"elementor-tab-title elementor-tab-mobile-title\" aria-selected=\"true\" data-tab=\"1\" role=\"tab\" tabindex=\"0\" aria-controls=\"elementor-tab-content-1531\" aria-expanded=\"false\">Plan curricular<\/div>\n\t\t\t\t\t<div id=\"elementor-tab-content-1531\" class=\"elementor-tab-content elementor-clearfix\" data-tab=\"1\" role=\"tabpanel\" aria-labelledby=\"elementor-tab-title-1531\" tabindex=\"0\" hidden=\"false\"><p><strong>Duraci\u00f3n<\/strong>: La Carrera de Ingenier\u00eda Agron\u00f3mica tendr\u00e1 una duraci\u00f3n de cinco a\u00f1os, distribuidos los mismos en diez semestres, con un total de 3915 horas reloj<br \/><strong>Modalidad<\/strong>: Presencial<br \/><strong>T\u00edtulo que otorga<\/strong>: Ingeniero\/a Agr\u00f3nomo\/a<br \/><strong>Unidad Acad\u00e9mica de dependencia<\/strong>: Facultad de Ciencias Agrarias<\/p><\/div>\n\t\t\t\t\t\t\t\t\t<div class=\"elementor-tab-title elementor-tab-mobile-title\" aria-selected=\"false\" data-tab=\"2\" role=\"tab\" tabindex=\"-1\" aria-controls=\"elementor-tab-content-1532\" aria-expanded=\"false\">Misi\u00f3n y Visi\u00f3n<\/div>\n\t\t\t\t\t<div id=\"elementor-tab-content-1532\" class=\"elementor-tab-content elementor-clearfix\" data-tab=\"2\" role=\"tabpanel\" aria-labelledby=\"elementor-tab-title-1532\" tabindex=\"0\" hidden=\"hidden\"><p class=\"MsoNormal\" style=\"text-align: justify; line-height: 150%;\"><strong><span lang=\"ES\">Misi\u00f3n<\/span><\/strong><\/p><p class=\"MsoNormal\" style=\"text-align: justify; line-height: 150%;\"><span lang=\"ES\">Formar profesionales con est\u00e1ndares de calidad; producir conocimientos cient\u00edficos \u00fatiles a la sociedad, conservar la cultura y contribuir al desarrollo sostenible.\u00a0<\/span><\/p><p><strong>Visi\u00f3n<\/strong><\/p><p><span lang=\"ES\">Prestigiosa instituci\u00f3n de formaci\u00f3n acad\u00e9mica e investigaci\u00f3n en el \u00e1rea de las Ciencias Agrarias, centro de difusi\u00f3n de la cultura, agente de cambio social que promueve el desarrollo, gracias a la pertinencia de sus propuestas educativas.<\/span><\/p><\/div>\n\t\t\t\t\t\t\t\t\t<div class=\"elementor-tab-title elementor-tab-mobile-title\" aria-selected=\"false\" data-tab=\"3\" role=\"tab\" tabindex=\"-1\" aria-controls=\"elementor-tab-content-1533\" aria-expanded=\"false\">Objetivos<\/div>\n\t\t\t\t\t<div id=\"elementor-tab-content-1533\" class=\"elementor-tab-content elementor-clearfix\" data-tab=\"3\" role=\"tabpanel\" aria-labelledby=\"elementor-tab-title-1533\" tabindex=\"0\" hidden=\"hidden\"><p><strong>Objetivo General<\/strong><\/p><ul><li>Formar profesionales con altos conocimientos sobre las ciencias agropecuarias y ambientales. Capacitados para el manejo del ecosistema, uso racional de los recursos naturales, producci\u00f3n de alimentos de origen animal y vegetal, capaces de solucionar los desaf\u00edos que se les presente en aspectos de la producci\u00f3n agr\u00edcola, pecuaria y ambiental.<\/li><\/ul><p><strong>Objetivos Espec\u00edficos<\/strong><\/p><ul><li>Formar Ingenieros Agr\u00f3nomos con altas competencias en el \u00e1mbito que lo toca actuar, que contribuyan a solucionar los diversos problemas del sector agropecuario, que propongan alternativas para mejorar los procesos productivos, con ello poder atender a las exigencias sociales.<\/li><li>Formar profesionales con altos conocimientos cient\u00edficos, esp\u00edritu investigativo en busca de lograr nuevos conocimientos y con ello poder desarrollar programas de investigaci\u00f3n y extensi\u00f3n dando as\u00ed posibilidades de soluci\u00f3n a problemas sociales.<\/li><\/ul><\/div>\n\t\t\t\t\t\t\t\t\t<div class=\"elementor-tab-title elementor-tab-mobile-title\" aria-selected=\"false\" data-tab=\"4\" role=\"tab\" tabindex=\"-1\" aria-controls=\"elementor-tab-content-1534\" aria-expanded=\"false\">Plan de estudios<\/div>\n\t\t\t\t\t<div id=\"elementor-tab-content-1534\" class=\"elementor-tab-content elementor-clearfix\" data-tab=\"4\" role=\"tabpanel\" aria-labelledby=\"elementor-tab-title-1534\" tabindex=\"0\" hidden=\"hidden\"><ul><li><h3><a href=\"https:\/\/fcaunican.edu.py\/wp-content\/uploads\/2026\/02\/2016-Malla-curricular-de-la-Carrera-de-Ingenieria-Agronomica.pdf\"><strong>Plan 2016<\/strong><\/a><\/h3><\/li><li><h3><a href=\"https:\/\/fcaunican.edu.py\/wp-content\/uploads\/2024\/04\/Plan-de-estudio-de-Ingenieria-Agronomica_Plan-2023.pdf\"><strong>Plan 2023<\/strong><\/a><\/h3><\/li><\/ul><\/div>\n\t\t\t\t\t\t\t\t\t<div class=\"elementor-tab-title elementor-tab-mobile-title\" aria-selected=\"false\" data-tab=\"5\" role=\"tab\" tabindex=\"-1\" aria-controls=\"elementor-tab-content-1535\" aria-expanded=\"false\">Campo laboral<\/div>\n\t\t\t\t\t<div id=\"elementor-tab-content-1535\" class=\"elementor-tab-content elementor-clearfix\" data-tab=\"5\" role=\"tabpanel\" aria-labelledby=\"elementor-tab-title-1535\" tabindex=\"0\" hidden=\"hidden\"><p>El egresado Ingeniero Agr\u00f3nomo de la Facultad de Ciencias Agrarias podr\u00e1 ejercer sus servicios en instituciones privadas agr\u00edcolas y pecuarias, entidades p\u00fablicas afines, organizaciones no gubernamentales, asesoramiento t\u00e9cnico a productores, investigaci\u00f3n, docencia y elaboraci\u00f3n y ejecuci\u00f3n de proyectos<\/p><\/div>\n\t\t\t\t\t\t\t\t\t<div class=\"elementor-tab-title elementor-tab-mobile-title\" aria-selected=\"false\" data-tab=\"6\" role=\"tab\" tabindex=\"-1\" aria-controls=\"elementor-tab-content-1536\" aria-expanded=\"false\">Perfil del egresado<\/div>\n\t\t\t\t\t<div id=\"elementor-tab-content-1536\" class=\"elementor-tab-content elementor-clearfix\" data-tab=\"6\" role=\"tabpanel\" aria-labelledby=\"elementor-tab-title-1536\" tabindex=\"0\" hidden=\"hidden\"><p>El egresado de la Carrera de Ingenier\u00eda Agron\u00f3mica de la Facultad de Ciencias Agrarias se caracterizar\u00e1 por:<\/p><ul><li>S\u00f3lida formaci\u00f3n profesional t\u00e9cnica y cient\u00edfica en el \u00e1rea de las Ciencias Agrarias.<\/li><li>Capacidad para analizar alternativas sobre modelos productivos aplicables a diferentes \u00e1reas de producci\u00f3n, de esta forma aportando y generando nuevas tecnolog\u00edas o utilizando t\u00e9cnicas con eficacia ya comprobada.<\/li><li>Capacidad para desenvolverse en el amplio campo de las Ciencias Agrarias.<\/li><li>Influye en forma positiva en las ideas y acciones acertadas que conducen a mejorar el proceso agr\u00edcola y ambiental, considerando los cambios din\u00e1micos en los mismos.<\/li><li>Capacidad suficiente para proponer, elaborar, ejecutar y evaluar proyectos relacionados al \u00e1rea de su competencia.<\/li><li>Tendr\u00e1 una ideolog\u00eda conservacionista sobre los recursos naturales, produciendo bienes y servicios en forma sustentable y sin afectar negativamente el ecosistema.<\/li><li>Profesional con pensamiento cr\u00edtico y capacidad de raciocinio l\u00f3gico; con opini\u00f3n fundada, capaz de comunicarse en forma eficiente y formar parte de grupos de trabajo.<\/li><li>Profesional de esp\u00edritu emprendedor, con potencial de gesti\u00f3n econ\u00f3mica y administraci\u00f3n de empresas, conocedor del mercado de comercializaci\u00f3n tanto a nivel nacional e internacional.<\/li><li>Conoce el marco normativo vigente y con capacidad para proponer pol\u00edticas y reglamentaciones vinculadas a la profesi\u00f3n y al sector productivo.<\/li><li>Profesional con sentido de pertenencia, agente de cambio social, reflexivo para comprender y adecuarse a las distintas situaciones y responder correctamente ante las mismas.<\/li><\/ul><\/div>\n\t\t\t\t\t\t\t\t\t<div class=\"elementor-tab-title elementor-tab-mobile-title\" aria-selected=\"false\" data-tab=\"7\" role=\"tab\" tabindex=\"-1\" aria-controls=\"elementor-tab-content-1537\" aria-expanded=\"false\">Competencias<\/div>\n\t\t\t\t\t<div id=\"elementor-tab-content-1537\" class=\"elementor-tab-content elementor-clearfix\" data-tab=\"7\" role=\"tabpanel\" aria-labelledby=\"elementor-tab-title-1537\" tabindex=\"0\" hidden=\"hidden\"><p>El egresado Ingeniero Agr\u00f3nomo de la Facultad de Ciencias Agrarias al culminar la Carrera debe demostrar las siguientes competencias:<\/p><p><strong>Competencias gen\u00e9ricas:<\/strong><\/p><ul><li>Utilizar tecnolog\u00edas de la informaci\u00f3n y de la comunicaci\u00f3n.<\/li><li>Comunicarse en las lenguas oficiales del pa\u00eds y en otra lengua extranjera.<\/li><li>Trabajar en equipos multidisciplinarios.<\/li><li>Ajustar su conducta a las normas \u00e9ticas universalmente establecidas.<\/li><li>Evidenciar responsabilidad profesional y social en las actividades emprendidas.<\/li><li>Formular, gestionar, participar y ejecutar proyectos.<\/li><li>Demostrar compromiso con la calidad.<\/li><li>Promover la preservaci\u00f3n del ambiente y la equidad social.<\/li><li>Tener esp\u00edritu emprendedor, creativo e innovador en las actividades inherentes a la profesi\u00f3n.<\/li><li>Poseer capacidad de auto-aprendizaje en la formaci\u00f3n profesional.<\/li><\/ul><p><strong>Competencias Espec\u00edficas:<\/strong><\/p><ul><li>Identificar y proponer soluciones a problemas productivos de sectores relacionados a la cadena agroalimentaria.<\/li><li>Combinar con eficiencia ecol\u00f3gica, t\u00e9cnica y socioecon\u00f3mica los factores de la producci\u00f3n agropecuaria y forestal.<\/li><li>Utilizar un enfoque sist\u00e9mico en la producci\u00f3n, procesamiento y comercializaci\u00f3n de productos agropecuarios y forestales<\/li><li>Elaborar, ejecutar y evaluar proyectos productivos del sector rural optimizando los recursos disponibles.<\/li><li>Interpretar, difundir y aplicar conocimientos t\u00e9cnicos y cient\u00edficos.<\/li><li>Conocer y aplicar los procesos de producci\u00f3n, industrializaci\u00f3n, conservaci\u00f3n y comercializaci\u00f3n de los productos de origen vegetal y animal.<\/li><li>Conocer el marco normativo de los procesos de producci\u00f3n, industrializaci\u00f3n, conservaci\u00f3n y comercializaci\u00f3n de los productos de origen vegetal y animal.<\/li><\/ul><\/div>\n\t\t\t\t\t\t\t\t\t<div class=\"elementor-tab-title elementor-tab-mobile-title\" aria-selected=\"false\" data-tab=\"8\" role=\"tab\" tabindex=\"-1\" aria-controls=\"elementor-tab-content-1538\" aria-expanded=\"false\">Requisitos de admisi\u00f3n<\/div>\n\t\t\t\t\t<div id=\"elementor-tab-content-1538\" class=\"elementor-tab-content elementor-clearfix\" data-tab=\"8\" role=\"tabpanel\" aria-labelledby=\"elementor-tab-title-1538\" tabindex=\"0\" hidden=\"hidden\"><p>El ingreso a la Carrera de Ingenier\u00eda Agron\u00f3mica de la Facultad de Ciencias Agropecuarias y Ambientales se har\u00e1 a trav\u00e9s de pruebas de admisi\u00f3n previa a un curso probatorio de ingreso (CPI); el mismo estar\u00e1 administrado por una Comisi\u00f3n de Admisi\u00f3n y ser\u00e1 respaldado por el\u00a0<strong>Reglamento de admisi\u00f3n<\/strong>.\u00a0<\/p><\/div>\n\t\t\t\t\t\t\t\t\t<div class=\"elementor-tab-title elementor-tab-mobile-title\" aria-selected=\"false\" data-tab=\"9\" role=\"tab\" tabindex=\"-1\" aria-controls=\"elementor-tab-content-1539\" aria-expanded=\"false\">Requisitos de salida<\/div>\n\t\t\t\t\t<div id=\"elementor-tab-content-1539\" class=\"elementor-tab-content elementor-clearfix\" data-tab=\"9\" role=\"tabpanel\" aria-labelledby=\"elementor-tab-title-1539\" tabindex=\"0\" hidden=\"hidden\"><p>El estudiante de la Carrera de Ingenier\u00eda Agron\u00f3mica debe aprobar todas las asignaturas del Plan de Estudio vigente para acceder al t\u00edtulo m\u00e1ximo otorgado por la misma, previa aprobaci\u00f3n y defensa del Trabajo Final de Grado.<\/p><\/div>\n\t\t\t\t\t\t\t<\/div>\n\t\t<\/div>\n\t\t\t\t\t\t<\/div>\n\t\t\t\t<\/div>\n\t\t\t\t\t<\/div>\n\t\t<\/div>\n\t\t\t\t\t<\/div>\n\t\t<\/section>\n\t\t\t\t<\/div>\n\t\t","protected":false},"excerpt":{"rendered":"<p>Informaciones de la carrera Plan curricular Misi\u00f3n y Visi\u00f3n Objetivos Plan de estudios Campo laboral Perfil del egresado Competencias Requisitos de admisi\u00f3n Requisitos de salida Plan curricular Duraci\u00f3n: La Carrera de Ingenier\u00eda Agron\u00f3mica tendr\u00e1 una duraci\u00f3n de cinco a\u00f1os, distribuidos los mismos en diez semestres, con un total de 3915 horas relojModalidad: PresencialT\u00edtulo que otorga: [&hellip;]<\/p>\n","protected":false},"author":1,"featured_media":0,"parent":0,"menu_order":0,"comment_status":"closed","ping_status":"closed","template":"","meta":{"advanced_seo_description":"","jetpack_seo_html_title":"","jetpack_seo_noindex":false,"footnotes":""},"class_list":["post-254","page","type-page","status-publish","hentry"],"jetpack_sharing_enabled":true,"jetpack-related-posts":[],"jetpack_likes_enabled":true,"_links":{"self":[{"href":"https:\/\/fcaunican.edu.py\/index.php\/wp-json\/wp\/v2\/pages\/254","targetHints":{"allow":["GET"]}}],"collection":[{"href":"https:\/\/fcaunican.edu.py\/index.php\/wp-json\/wp\/v2\/pages"}],"about":[{"href":"https:\/\/fcaunican.edu.py\/index.php\/wp-json\/wp\/v2\/types\/page"}],"author":[{"embeddable":true,"href":"https:\/\/fcaunican.edu.py\/index.php\/wp-json\/wp\/v2\/users\/1"}],"replies":[{"embeddable":true,"href":"https:\/\/fcaunican.edu.py\/index.php\/wp-json\/wp\/v2\/comments?post=254"}],"version-history":[{"count":72,"href":"https:\/\/fcaunican.edu.py\/index.php\/wp-json\/wp\/v2\/pages\/254\/revisions"}],"predecessor-version":[{"id":21220,"href":"https:\/\/fcaunican.edu.py\/index.php\/wp-json\/wp\/v2\/pages\/254\/revisions\/21220"}],"wp:attachment":[{"href":"https:\/\/fcaunican.edu.py\/index.php\/wp-json\/wp\/v2\/media?parent=254"}],"curies":[{"name":"wp","href":"https:\/\/api.w.org\/{rel}","templated":true}]}}