{"id":283,"date":"2022-08-17T21:17:09","date_gmt":"2022-08-18T01:47:09","guid":{"rendered":"https:\/\/fcaunican.edu.py\/?page_id=283"},"modified":"2022-11-15T08:56:49","modified_gmt":"2022-11-15T13:26:49","slug":"admision","status":"publish","type":"page","link":"https:\/\/fcaunican.edu.py\/index.php\/admision\/","title":{"rendered":"Admisi\u00f3n"},"content":{"rendered":"\t\t<div data-elementor-type=\"wp-page\" data-elementor-id=\"283\" class=\"elementor elementor-283\">\n\t\t\t\t\t\t<section class=\"elementor-section elementor-top-section elementor-element elementor-element-1fef507 elementor-section-boxed elementor-section-height-default elementor-section-height-default\" data-id=\"1fef507\" data-element_type=\"section\" data-e-type=\"section\">\n\t\t\t\t\t\t<div class=\"elementor-container elementor-column-gap-default\">\n\t\t\t\t\t<div class=\"elementor-column elementor-col-100 elementor-top-column elementor-element elementor-element-3a2a785\" data-id=\"3a2a785\" data-element_type=\"column\" data-e-type=\"column\">\n\t\t\t<div class=\"elementor-widget-wrap elementor-element-populated\">\n\t\t\t\t\t\t<div class=\"elementor-element elementor-element-0ece6b5 elementor-tabs-view-horizontal elementor-widget elementor-widget-tabs\" data-id=\"0ece6b5\" data-element_type=\"widget\" data-e-type=\"widget\" data-widget_type=\"tabs.default\">\n\t\t\t\t<div class=\"elementor-widget-container\">\n\t\t\t\t\t\t\t<div class=\"elementor-tabs\">\n\t\t\t<div class=\"elementor-tabs-wrapper\" role=\"tablist\" >\n\t\t\t\t\t\t\t\t\t<div id=\"elementor-tab-title-1551\" class=\"elementor-tab-title elementor-tab-desktop-title\" aria-selected=\"true\" data-tab=\"1\" role=\"tab\" tabindex=\"0\" aria-controls=\"elementor-tab-content-1551\" aria-expanded=\"false\">Sistema de admisi\u00f3n<\/div>\n\t\t\t\t\t\t\t\t\t<div id=\"elementor-tab-title-1552\" class=\"elementor-tab-title elementor-tab-desktop-title\" aria-selected=\"false\" data-tab=\"2\" role=\"tab\" tabindex=\"-1\" aria-controls=\"elementor-tab-content-1552\" aria-expanded=\"false\">Calendario acad\u00e9mico CPI<\/div>\n\t\t\t\t\t\t\t\t\t<div id=\"elementor-tab-title-1553\" class=\"elementor-tab-title elementor-tab-desktop-title\" aria-selected=\"false\" data-tab=\"3\" role=\"tab\" tabindex=\"-1\" aria-controls=\"elementor-tab-content-1553\" aria-expanded=\"false\">Horario de clases CPI<\/div>\n\t\t\t\t\t\t\t\t\t<div id=\"elementor-tab-title-1554\" class=\"elementor-tab-title elementor-tab-desktop-title\" aria-selected=\"false\" data-tab=\"4\" role=\"tab\" tabindex=\"-1\" aria-controls=\"elementor-tab-content-1554\" aria-expanded=\"false\">Horario de ex\u00e1menes de ingreso<\/div>\n\t\t\t\t\t\t\t<\/div>\n\t\t\t<div class=\"elementor-tabs-content-wrapper\" role=\"tablist\" aria-orientation=\"vertical\">\n\t\t\t\t\t\t\t\t\t<div class=\"elementor-tab-title elementor-tab-mobile-title\" aria-selected=\"true\" data-tab=\"1\" role=\"tab\" tabindex=\"0\" aria-controls=\"elementor-tab-content-1551\" aria-expanded=\"false\">Sistema de admisi\u00f3n<\/div>\n\t\t\t\t\t<div id=\"elementor-tab-content-1551\" class=\"elementor-tab-content elementor-clearfix\" data-tab=\"1\" role=\"tabpanel\" aria-labelledby=\"elementor-tab-title-1551\" tabindex=\"0\" hidden=\"false\"><p>El ingreso a la carrera se hace a trav\u00e9s de un examen de ingreso, previo a un &nbsp;curso de ingreso.<\/p>\n<p><strong><u>ASIGNATURAS&nbsp; DEL CURSO&nbsp; DE&nbsp; INGRESO<\/u><\/strong><\/p>\n<ul>\n<li><strong>Castellano<\/strong><\/li>\n<li><strong>Qu\u00edmica General<\/strong><\/li>\n<li><strong>Biolog\u00eda General<\/strong><\/li>\n<li><strong>Matem\u00e1tica<\/strong><\/li>\n<li><strong>F\u00edsica General<\/strong><\/li>\n<\/ul>\n<p><strong><u>DOCUMENTOS REQUERIDOS<\/u><\/strong><u>.<\/u><\/p>\n<ul>\n<li>Certificado de estudio original legalizado por el MEC de la (zona).<strong>(Original)<\/strong><\/li>\n<li>T\u00edtulo acad\u00e9mico equivalente legalizado por el MEC de la (zona) y por el Rectorado de la Universidad Nacional de Canindey\u00fa&nbsp;<strong>(Copia Autenticada)<\/strong><\/li>\n<li>Copia autenticada de C\u00e9dula de Identidad Civil<\/li>\n<li>Certificado de Nacimiento Original, o copia autenticada<\/li>\n<li>Certificado de Antecedente Policial Original<\/li>\n<li>2 fotos tipo carnet<\/li>\n<li>Una carpeta colgante<\/li>\n<\/ul>\n<p><strong>PROCESO PARA LEGALIZAR DOCUMENTOS EXTRANJEROS<\/strong><\/p>\n<ul>\n<li>Certificar por el consulado<\/li>\n<li>Traducir los documentos con profesional habilitado para el efecto<\/li>\n<li>Legalizar por el Ministerio de relaciones exteriores<\/li>\n<li>Legalizar por el Ministerio de Educaci\u00f3n y Cultura.<\/li>\n<li>Por \u00faltimo; legalizar&nbsp; por el Rectorado de la Universidad Nacional de Canindey\u00fa.<\/li>\n<\/ul><\/div>\n\t\t\t\t\t\t\t\t\t<div class=\"elementor-tab-title elementor-tab-mobile-title\" aria-selected=\"false\" data-tab=\"2\" role=\"tab\" tabindex=\"-1\" aria-controls=\"elementor-tab-content-1552\" aria-expanded=\"false\">Calendario acad\u00e9mico CPI<\/div>\n\t\t\t\t\t<div id=\"elementor-tab-content-1552\" class=\"elementor-tab-content elementor-clearfix\" data-tab=\"2\" role=\"tabpanel\" aria-labelledby=\"elementor-tab-title-1552\" tabindex=\"0\" hidden=\"hidden\"><\/div>\n\t\t\t\t\t\t\t\t\t<div class=\"elementor-tab-title elementor-tab-mobile-title\" aria-selected=\"false\" data-tab=\"3\" role=\"tab\" tabindex=\"-1\" aria-controls=\"elementor-tab-content-1553\" aria-expanded=\"false\">Horario de clases CPI<\/div>\n\t\t\t\t\t<div id=\"elementor-tab-content-1553\" class=\"elementor-tab-content elementor-clearfix\" data-tab=\"3\" role=\"tabpanel\" aria-labelledby=\"elementor-tab-title-1553\" tabindex=\"0\" hidden=\"hidden\"><\/div>\n\t\t\t\t\t\t\t\t\t<div class=\"elementor-tab-title elementor-tab-mobile-title\" aria-selected=\"false\" data-tab=\"4\" role=\"tab\" tabindex=\"-1\" aria-controls=\"elementor-tab-content-1554\" aria-expanded=\"false\">Horario de ex\u00e1menes de ingreso<\/div>\n\t\t\t\t\t<div id=\"elementor-tab-content-1554\" class=\"elementor-tab-content elementor-clearfix\" data-tab=\"4\" role=\"tabpanel\" aria-labelledby=\"elementor-tab-title-1554\" tabindex=\"0\" hidden=\"hidden\"><\/div>\n\t\t\t\t\t\t\t<\/div>\n\t\t<\/div>\n\t\t\t\t\t\t<\/div>\n\t\t\t\t<\/div>\n\t\t\t\t\t<\/div>\n\t\t<\/div>\n\t\t\t\t\t<\/div>\n\t\t<\/section>\n\t\t\t\t<\/div>\n\t\t","protected":false},"excerpt":{"rendered":"<p>Sistema de admisi\u00f3n Calendario acad\u00e9mico CPI Horario de clases CPI Horario de ex\u00e1menes de ingreso Sistema de admisi\u00f3n El ingreso a la carrera se hace a trav\u00e9s de un examen de ingreso, previo a un &nbsp;curso de ingreso. ASIGNATURAS&nbsp; DEL CURSO&nbsp; DE&nbsp; INGRESO Castellano Qu\u00edmica General Biolog\u00eda General Matem\u00e1tica F\u00edsica General DOCUMENTOS REQUERIDOS. Certificado de [&hellip;]<\/p>\n","protected":false},"author":1,"featured_media":0,"parent":0,"menu_order":0,"comment_status":"closed","ping_status":"closed","template":"","meta":{"advanced_seo_description":"","jetpack_seo_html_title":"","jetpack_seo_noindex":false,"footnotes":""},"class_list":["post-283","page","type-page","status-publish","hentry"],"jetpack_sharing_enabled":true,"jetpack-related-posts":[],"jetpack_likes_enabled":true,"_links":{"self":[{"href":"https:\/\/fcaunican.edu.py\/index.php\/wp-json\/wp\/v2\/pages\/283","targetHints":{"allow":["GET"]}}],"collection":[{"href":"https:\/\/fcaunican.edu.py\/index.php\/wp-json\/wp\/v2\/pages"}],"about":[{"href":"https:\/\/fcaunican.edu.py\/index.php\/wp-json\/wp\/v2\/types\/page"}],"author":[{"embeddable":true,"href":"https:\/\/fcaunican.edu.py\/index.php\/wp-json\/wp\/v2\/users\/1"}],"replies":[{"embeddable":true,"href":"https:\/\/fcaunican.edu.py\/index.php\/wp-json\/wp\/v2\/comments?post=283"}],"version-history":[{"count":7,"href":"https:\/\/fcaunican.edu.py\/index.php\/wp-json\/wp\/v2\/pages\/283\/revisions"}],"predecessor-version":[{"id":18160,"href":"https:\/\/fcaunican.edu.py\/index.php\/wp-json\/wp\/v2\/pages\/283\/revisions\/18160"}],"wp:attachment":[{"href":"https:\/\/fcaunican.edu.py\/index.php\/wp-json\/wp\/v2\/media?parent=283"}],"curies":[{"name":"wp","href":"https:\/\/api.w.org\/{rel}","templated":true}]}}