{"id":98,"date":"2022-06-02T23:34:21","date_gmt":"2022-06-02T23:34:21","guid":{"rendered":"https:\/\/fcaunican.edu.py\/?page_id=98"},"modified":"2025-08-25T09:49:43","modified_gmt":"2025-08-25T14:19:43","slug":"mision-vision-valores","status":"publish","type":"page","link":"https:\/\/fcaunican.edu.py\/index.php\/mision-vision-valores\/","title":{"rendered":"Misi\u00f3n, Visi\u00f3n y Valores"},"content":{"rendered":"\t\t<div data-elementor-type=\"wp-page\" data-elementor-id=\"98\" class=\"elementor elementor-98\">\n\t\t\t\t\t\t<section class=\"elementor-section elementor-top-section elementor-element elementor-element-c8ea581 elementor-section-boxed elementor-section-height-default elementor-section-height-default\" data-id=\"c8ea581\" data-element_type=\"section\" data-e-type=\"section\">\n\t\t\t\t\t\t<div class=\"elementor-container elementor-column-gap-default\">\n\t\t\t\t\t<div class=\"elementor-column elementor-col-100 elementor-top-column elementor-element elementor-element-6eb08db\" data-id=\"6eb08db\" data-element_type=\"column\" data-e-type=\"column\">\n\t\t\t<div class=\"elementor-widget-wrap elementor-element-populated\">\n\t\t\t\t\t\t<div class=\"elementor-element elementor-element-c8f7c45 elementor-widget elementor-widget-image\" data-id=\"c8f7c45\" data-element_type=\"widget\" data-e-type=\"widget\" data-widget_type=\"image.default\">\n\t\t\t\t<div class=\"elementor-widget-container\">\n\t\t\t\t\t\t\t\t\t\t\t\t\t\t\t<img fetchpriority=\"high\" decoding=\"async\" width=\"300\" height=\"185\" src=\"https:\/\/i0.wp.com\/fcaunican.edu.py\/wp-content\/uploads\/2022\/06\/logopie.png?fit=300%2C185&amp;ssl=1\" class=\"attachment-medium size-medium wp-image-131\" alt=\"\" srcset=\"https:\/\/i0.wp.com\/fcaunican.edu.py\/wp-content\/uploads\/2022\/06\/logopie.png?w=603&amp;ssl=1 603w, https:\/\/i0.wp.com\/fcaunican.edu.py\/wp-content\/uploads\/2022\/06\/logopie.png?resize=300%2C185&amp;ssl=1 300w, https:\/\/i0.wp.com\/fcaunican.edu.py\/wp-content\/uploads\/2022\/06\/logopie.png?resize=500%2C308&amp;ssl=1 500w\" sizes=\"(max-width: 300px) 100vw, 300px\" \/>\t\t\t\t\t\t\t\t\t\t\t\t\t\t\t<\/div>\n\t\t\t\t<\/div>\n\t\t\t\t\t<\/div>\n\t\t<\/div>\n\t\t\t\t\t<\/div>\n\t\t<\/section>\n\t\t\t\t<section class=\"elementor-section elementor-top-section elementor-element elementor-element-6fe055a elementor-section-boxed elementor-section-height-default elementor-section-height-default\" data-id=\"6fe055a\" data-element_type=\"section\" data-e-type=\"section\">\n\t\t\t\t\t\t<div class=\"elementor-container elementor-column-gap-default\">\n\t\t\t\t\t<div class=\"elementor-column elementor-col-100 elementor-top-column elementor-element elementor-element-958d03c\" data-id=\"958d03c\" data-element_type=\"column\" data-e-type=\"column\">\n\t\t\t<div class=\"elementor-widget-wrap elementor-element-populated\">\n\t\t\t\t\t\t<section class=\"elementor-section elementor-inner-section elementor-element elementor-element-8f8201d elementor-section-boxed elementor-section-height-default elementor-section-height-default\" data-id=\"8f8201d\" data-element_type=\"section\" data-e-type=\"section\">\n\t\t\t\t\t\t<div class=\"elementor-container elementor-column-gap-default\">\n\t\t\t\t\t<div class=\"elementor-column elementor-col-50 elementor-inner-column elementor-element elementor-element-cafd816\" data-id=\"cafd816\" data-element_type=\"column\" data-e-type=\"column\">\n\t\t\t<div class=\"elementor-widget-wrap elementor-element-populated\">\n\t\t\t\t\t\t<div class=\"elementor-element elementor-element-e50a63c elementor-widget elementor-widget-heading\" data-id=\"e50a63c\" data-element_type=\"widget\" data-e-type=\"widget\" data-widget_type=\"heading.default\">\n\t\t\t\t<div class=\"elementor-widget-container\">\n\t\t\t\t\t<h2 class=\"elementor-heading-title elementor-size-default\">Misi\u00f3n<\/h2>\t\t\t\t<\/div>\n\t\t\t\t<\/div>\n\t\t\t\t<div class=\"elementor-element elementor-element-89c25df elementor-widget elementor-widget-text-editor\" data-id=\"89c25df\" data-element_type=\"widget\" data-e-type=\"widget\" data-widget_type=\"text-editor.default\">\n\t\t\t\t<div class=\"elementor-widget-container\">\n\t\t\t\t\t\t\t\t\t<p>Formar profesionales con est\u00e1ndares de calidad; producir conocimientos cient\u00edficos \u00fatiles a la sociedad, conservar la cultura y contribuir al desarrollo sostenible.<\/p>\t\t\t\t\t\t\t\t<\/div>\n\t\t\t\t<\/div>\n\t\t\t\t\t<\/div>\n\t\t<\/div>\n\t\t\t\t<div class=\"elementor-column elementor-col-50 elementor-inner-column elementor-element elementor-element-9dff136\" data-id=\"9dff136\" data-element_type=\"column\" data-e-type=\"column\">\n\t\t\t<div class=\"elementor-widget-wrap elementor-element-populated\">\n\t\t\t\t\t\t<div class=\"elementor-element elementor-element-5aa787c elementor-widget elementor-widget-heading\" data-id=\"5aa787c\" data-element_type=\"widget\" data-e-type=\"widget\" data-widget_type=\"heading.default\">\n\t\t\t\t<div class=\"elementor-widget-container\">\n\t\t\t\t\t<h2 class=\"elementor-heading-title elementor-size-default\">Tembiapor\u00e3<\/h2>\t\t\t\t<\/div>\n\t\t\t\t<\/div>\n\t\t\t\t<div class=\"elementor-element elementor-element-5a5860b elementor-widget elementor-widget-text-editor\" data-id=\"5a5860b\" data-element_type=\"widget\" data-e-type=\"widget\" data-widget_type=\"text-editor.default\">\n\t\t\t\t<div class=\"elementor-widget-container\">\n\t\t\t\t\t\t\t\t\t<p>Omoarandu tekove katupyry, omohe\u00f1\u00f3ivo arandukuaaty tet\u00e3yguame g\u0303uar\u00e3, o\u00f1angareko hag\u0303ua teko arandupy ha oipytyv\u00f5vo tekoha \u00f1emopu\u2019\u00e3r\u00e3me.<\/p>\t\t\t\t\t\t\t\t<\/div>\n\t\t\t\t<\/div>\n\t\t\t\t\t<\/div>\n\t\t<\/div>\n\t\t\t\t\t<\/div>\n\t\t<\/section>\n\t\t\t\t<section class=\"elementor-section elementor-inner-section elementor-element elementor-element-f527288 elementor-section-boxed elementor-section-height-default elementor-section-height-default\" data-id=\"f527288\" data-element_type=\"section\" data-e-type=\"section\">\n\t\t\t\t\t\t<div class=\"elementor-container elementor-column-gap-default\">\n\t\t\t\t\t<div class=\"elementor-column elementor-col-50 elementor-inner-column elementor-element elementor-element-c8667e6\" data-id=\"c8667e6\" data-element_type=\"column\" data-e-type=\"column\">\n\t\t\t<div class=\"elementor-widget-wrap elementor-element-populated\">\n\t\t\t\t\t\t<div class=\"elementor-element elementor-element-5e2d6ca elementor-widget elementor-widget-heading\" data-id=\"5e2d6ca\" data-element_type=\"widget\" data-e-type=\"widget\" data-widget_type=\"heading.default\">\n\t\t\t\t<div class=\"elementor-widget-container\">\n\t\t\t\t\t<h2 class=\"elementor-heading-title elementor-size-default\">Visi\u00f3n<\/h2>\t\t\t\t<\/div>\n\t\t\t\t<\/div>\n\t\t\t\t<div class=\"elementor-element elementor-element-dbdee95 elementor-widget elementor-widget-text-editor\" data-id=\"dbdee95\" data-element_type=\"widget\" data-e-type=\"widget\" data-widget_type=\"text-editor.default\">\n\t\t\t\t<div class=\"elementor-widget-container\">\n\t\t\t\t\t\t\t\t\t<p>Prestigiosa Instituci\u00f3n de formaci\u00f3n acad\u00e9mica e investigaci\u00f3n en el \u00e1rea de las ciencias agrarias, centro de difusi\u00f3n de la cultura, agente de cambio social que promueve el desarrollo, gracias a la pertinencia de sus propuestas educativas.<\/p>\t\t\t\t\t\t\t\t<\/div>\n\t\t\t\t<\/div>\n\t\t\t\t\t<\/div>\n\t\t<\/div>\n\t\t\t\t<div class=\"elementor-column elementor-col-50 elementor-inner-column elementor-element elementor-element-0b53b84\" data-id=\"0b53b84\" data-element_type=\"column\" data-e-type=\"column\">\n\t\t\t<div class=\"elementor-widget-wrap elementor-element-populated\">\n\t\t\t\t\t\t<div class=\"elementor-element elementor-element-661efa3 elementor-widget elementor-widget-heading\" data-id=\"661efa3\" data-element_type=\"widget\" data-e-type=\"widget\" data-widget_type=\"heading.default\">\n\t\t\t\t<div class=\"elementor-widget-container\">\n\t\t\t\t\t<h3 class=\"elementor-heading-title elementor-size-default\">Tembipota<\/h3>\t\t\t\t<\/div>\n\t\t\t\t<\/div>\n\t\t\t\t<div class=\"elementor-element elementor-element-4028ee2 elementor-widget elementor-widget-text-editor\" data-id=\"4028ee2\" data-element_type=\"widget\" data-e-type=\"widget\" data-widget_type=\"text-editor.default\">\n\t\t\t\t<div class=\"elementor-widget-container\">\n\t\t\t\t\t\t\t\t\t<p>Mbo\u2019ehaovusu oguerehory ha ohekombo\u2019\u00e9va kokue rembikua\u00e1pe, oguerojeraku\u00e9vo arandupy ha omongakua\u00e1vo ava rekoha tapereko hekopegu\u00e1va reheae.<\/p>\t\t\t\t\t\t\t\t<\/div>\n\t\t\t\t<\/div>\n\t\t\t\t\t<\/div>\n\t\t<\/div>\n\t\t\t\t\t<\/div>\n\t\t<\/section>\n\t\t\t\t\t<\/div>\n\t\t<\/div>\n\t\t\t\t\t<\/div>\n\t\t<\/section>\n\t\t\t\t<section class=\"elementor-section elementor-top-section elementor-element elementor-element-beef23a elementor-section-boxed elementor-section-height-default elementor-section-height-default\" data-id=\"beef23a\" data-element_type=\"section\" data-e-type=\"section\">\n\t\t\t\t\t\t<div class=\"elementor-container elementor-column-gap-default\">\n\t\t\t\t\t<div class=\"elementor-column elementor-col-50 elementor-top-column elementor-element elementor-element-072c205\" data-id=\"072c205\" data-element_type=\"column\" data-e-type=\"column\">\n\t\t\t<div class=\"elementor-widget-wrap elementor-element-populated\">\n\t\t\t\t\t\t<div class=\"elementor-element elementor-element-8662356 elementor-widget elementor-widget-heading\" data-id=\"8662356\" data-element_type=\"widget\" data-e-type=\"widget\" data-widget_type=\"heading.default\">\n\t\t\t\t<div class=\"elementor-widget-container\">\n\t\t\t\t\t<h2 class=\"elementor-heading-title elementor-size-default\">Valores<\/h2>\t\t\t\t<\/div>\n\t\t\t\t<\/div>\n\t\t\t\t<div class=\"elementor-element elementor-element-b27ba57 elementor-widget elementor-widget-text-editor\" data-id=\"b27ba57\" data-element_type=\"widget\" data-e-type=\"widget\" data-widget_type=\"text-editor.default\">\n\t\t\t\t<div class=\"elementor-widget-container\">\n\t\t\t\t\t\t\t\t\t<ul><li>Equidad<\/li><li>Honestidad<\/li><li>Compromiso<\/li><li>Liderazgo<\/li><li>Excelencia acad\u00e9mica<\/li><li>Generaci\u00f3n de conocimientos <\/li><li>Vinculaci\u00f3n con la sociedad<\/li><li>Cuidado del medio ambiente<\/li><\/ul>\t\t\t\t\t\t\t\t<\/div>\n\t\t\t\t<\/div>\n\t\t\t\t\t<\/div>\n\t\t<\/div>\n\t\t\t\t<div class=\"elementor-column elementor-col-50 elementor-top-column elementor-element elementor-element-4f8a730\" data-id=\"4f8a730\" data-element_type=\"column\" data-e-type=\"column\">\n\t\t\t<div class=\"elementor-widget-wrap elementor-element-populated\">\n\t\t\t\t\t\t<div class=\"elementor-element elementor-element-10ff918 elementor-widget elementor-widget-heading\" data-id=\"10ff918\" data-element_type=\"widget\" data-e-type=\"widget\" data-widget_type=\"heading.default\">\n\t\t\t\t<div class=\"elementor-widget-container\">\n\t\t\t\t\t<h2 class=\"elementor-heading-title elementor-size-default\">Mba\u00b4epor\u00e4 jepuru.<\/h2>\t\t\t\t<\/div>\n\t\t\t\t<\/div>\n\t\t\t\t<div class=\"elementor-element elementor-element-a3649c2 elementor-widget elementor-widget-text-editor\" data-id=\"a3649c2\" data-element_type=\"widget\" data-e-type=\"widget\" data-widget_type=\"text-editor.default\">\n\t\t\t\t<div class=\"elementor-widget-container\">\n\t\t\t\t\t\t\t\t\t<ul><li>Tekojoja<\/li><li>Tekopot\u00ef<\/li><li>\u00d1e\u00b4\u00ebme\u00b4\u00eb<\/li><li>\u00d1eisambyhy<\/li><li>Mo\u00b4ekuaa poravopyre<\/li><li>Kuaapy \u00f1emohe\u00f1oi<\/li><li>Ava\u00b4aty jembojuaju<\/li><li>Tekoha \u00f1angareko.<\/li><\/ul>\t\t\t\t\t\t\t\t<\/div>\n\t\t\t\t<\/div>\n\t\t\t\t\t<\/div>\n\t\t<\/div>\n\t\t\t\t\t<\/div>\n\t\t<\/section>\n\t\t\t\t<\/div>\n\t\t","protected":false},"excerpt":{"rendered":"<p>Misi\u00f3n Formar profesionales con est\u00e1ndares de calidad; producir conocimientos cient\u00edficos \u00fatiles a la sociedad, conservar la cultura y contribuir al desarrollo sostenible. Tembiapor\u00e3 Omoarandu tekove katupyry, omohe\u00f1\u00f3ivo arandukuaaty tet\u00e3yguame g\u0303uar\u00e3, o\u00f1angareko hag\u0303ua teko arandupy ha oipytyv\u00f5vo tekoha \u00f1emopu\u2019\u00e3r\u00e3me. Visi\u00f3n Prestigiosa Instituci\u00f3n de formaci\u00f3n acad\u00e9mica e investigaci\u00f3n en el \u00e1rea de las ciencias agrarias, centro de [&hellip;]<\/p>\n","protected":false},"author":1,"featured_media":0,"parent":0,"menu_order":0,"comment_status":"closed","ping_status":"closed","template":"","meta":{"advanced_seo_description":"","jetpack_seo_html_title":"","jetpack_seo_noindex":false,"footnotes":""},"class_list":["post-98","page","type-page","status-publish","hentry"],"jetpack_sharing_enabled":true,"jetpack-related-posts":[],"jetpack_likes_enabled":true,"_links":{"self":[{"href":"https:\/\/fcaunican.edu.py\/index.php\/wp-json\/wp\/v2\/pages\/98","targetHints":{"allow":["GET"]}}],"collection":[{"href":"https:\/\/fcaunican.edu.py\/index.php\/wp-json\/wp\/v2\/pages"}],"about":[{"href":"https:\/\/fcaunican.edu.py\/index.php\/wp-json\/wp\/v2\/types\/page"}],"author":[{"embeddable":true,"href":"https:\/\/fcaunican.edu.py\/index.php\/wp-json\/wp\/v2\/users\/1"}],"replies":[{"embeddable":true,"href":"https:\/\/fcaunican.edu.py\/index.php\/wp-json\/wp\/v2\/comments?post=98"}],"version-history":[{"count":29,"href":"https:\/\/fcaunican.edu.py\/index.php\/wp-json\/wp\/v2\/pages\/98\/revisions"}],"predecessor-version":[{"id":20610,"href":"https:\/\/fcaunican.edu.py\/index.php\/wp-json\/wp\/v2\/pages\/98\/revisions\/20610"}],"wp:attachment":[{"href":"https:\/\/fcaunican.edu.py\/index.php\/wp-json\/wp\/v2\/media?parent=98"}],"curies":[{"name":"wp","href":"https:\/\/api.w.org\/{rel}","templated":true}]}}